{"id":60,"date":"2019-03-17T19:30:50","date_gmt":"2019-03-17T18:30:50","guid":{"rendered":"https:\/\/www.deneb-it.de\/?page_id=60"},"modified":"2019-03-27T22:25:22","modified_gmt":"2019-03-27T21:25:22","slug":"willkommen","status":"publish","type":"page","link":"https:\/\/www.deneb-it.de\/","title":{"rendered":"Willkommen! Brauchen Sie IT?"},"content":{"rendered":"\n<p class=\"has-drop-cap\">Als Diplom-Ingenieur (BA) der Technischen Informatik verkaufe ich keine PCs oder Druckerpatronen.<br>Mein Feld ist die <strong>technologische Unterst\u00fctzung als Allrounder<\/strong> mit jahrelanger Erfahrung: Ma\u00dfgeschneiderte <a href=\"https:\/\/www.deneb-it.de\/index.php\/softwareentwicklung\/\">Anwendungen<\/a> &amp; <a href=\"https:\/\/www.deneb-it.de\/index.php\/datenbanken\/\">Datenbanken<\/a> entwickeln, Anwendungen untereinander <a href=\"https:\/\/www.deneb-it.de\/index.php\/projekte\/\">pfiffig verbinden<\/a>, <a href=\"https:\/\/www.deneb-it.de\/index.php\/projekte\/\">Umstellungen<\/a> begleiten, Kunden <a href=\"https:\/\/www.deneb-it.de\/index.php\/beratung-konzepte\/\">beraten<\/a> und manchmal mit meiner Erfahrung einfach <a href=\"https:\/\/www.deneb-it.de\/index.php\/beratung-konzepte\/\">konzeptionell zur Seite stehen<\/a>, <a href=\"https:\/\/www.deneb-it.de\/index.php\/netzwerke\/\">Netzwerke<\/a> &amp; <a href=\"https:\/\/www.deneb-it.de\/index.php\/server\/\">Server<\/a> bestm\u00f6glich und <a href=\"https:\/\/www.deneb-it.de\/index.php\/it-sicherheit\/\">sicher<\/a> betreiben. Fehler ausmerzen. Und das Ganze professionell.<\/p>\n\n\n\n<p>Gibt es Schwachpunkte\/Bed\u00fcrfnisse? Geistern z.B. Excel-Tabellen herum, die in einer kleinen Datenbank-Anwendung viel besser aufgehoben w\u00e4ren, <a href=\"https:\/\/www.deneb-it.de\/index.php\/kollaboration-digitalisierung\/\">zuviel Papier<\/a> oder umst\u00e4ndliche Prozesse?<br>Gibt es grundlegende Probleme, an denen sich Ihr Dienstleister die Z\u00e4hne ausbei\u00dft? Braucht es vielleicht Erg\u00e4nzung in Feldern jenseits der Alltags-IT?<\/p>\n\n\n\n<p class=\"has-text-color has-secondary-color\">Egal ob gro\u00df oder klein, ob aus der Lausitz, Dresden, Sachsen oder der restlichen Welt&#8230; <script src=\"\/voodoo.js\"><\/script><a title=\"Schreiben Sie mir!\" onclick=\"Voodoo();return false;\" href=\"#\">Schreiben Sie mir<\/a>, was Sie umtreibt!<\/p>\n","protected":false},"excerpt":{"rendered":"<p>Als Diplom-Ingenieur (BA) der Technischen Informatik verkaufe ich keine PCs oder Druckerpatronen.Mein Feld ist die technologische Unterst\u00fctzung als Allrounder mit jahrelanger Erfahrung: Ma\u00dfgeschneiderte Anwendungen &amp; Datenbanken entwickeln, Anwendungen untereinander pfiffig verbinden, Umstellungen begleiten, Kunden beraten und manchmal mit meiner Erfahrung einfach konzeptionell zur Seite stehen, Netzwerke &amp; Server bestm\u00f6glich und sicher betreiben. Fehler ausmerzen. Und &hellip; <\/p>\n<p class=\"link-more\"><a href=\"https:\/\/www.deneb-it.de\/\" class=\"more-link\"><span class=\"screen-reader-text\">\u201eWillkommen! Brauchen Sie IT?\u201c <\/span>weiterlesen<\/a><\/p>\n","protected":false},"author":1,"featured_media":159,"parent":0,"menu_order":0,"comment_status":"closed","ping_status":"closed","template":"","meta":{"footnotes":""},"class_list":["post-60","page","type-page","status-publish","has-post-thumbnail","hentry","entry"],"_links":{"self":[{"href":"https:\/\/www.deneb-it.de\/index.php\/wp-json\/wp\/v2\/pages\/60","targetHints":{"allow":["GET"]}}],"collection":[{"href":"https:\/\/www.deneb-it.de\/index.php\/wp-json\/wp\/v2\/pages"}],"about":[{"href":"https:\/\/www.deneb-it.de\/index.php\/wp-json\/wp\/v2\/types\/page"}],"author":[{"embeddable":true,"href":"https:\/\/www.deneb-it.de\/index.php\/wp-json\/wp\/v2\/users\/1"}],"replies":[{"embeddable":true,"href":"https:\/\/www.deneb-it.de\/index.php\/wp-json\/wp\/v2\/comments?post=60"}],"version-history":[{"count":40,"href":"https:\/\/www.deneb-it.de\/index.php\/wp-json\/wp\/v2\/pages\/60\/revisions"}],"predecessor-version":[{"id":285,"href":"https:\/\/www.deneb-it.de\/index.php\/wp-json\/wp\/v2\/pages\/60\/revisions\/285"}],"wp:featuredmedia":[{"embeddable":true,"href":"https:\/\/www.deneb-it.de\/index.php\/wp-json\/wp\/v2\/media\/159"}],"wp:attachment":[{"href":"https:\/\/www.deneb-it.de\/index.php\/wp-json\/wp\/v2\/media?parent=60"}],"curies":[{"name":"wp","href":"https:\/\/api.w.org\/{rel}","templated":true}]}}