{"id":3,"date":"2019-03-17T12:27:31","date_gmt":"2019-03-17T11:27:31","guid":{"rendered":"http:\/\/www.deneb-it.de\/?page_id=3"},"modified":"2019-03-18T15:27:42","modified_gmt":"2019-03-18T14:27:42","slug":"datenschutzerklaerung","status":"publish","type":"page","link":"https:\/\/www.deneb-it.de\/index.php\/datenschutzerklaerung\/","title":{"rendered":"Datenschutzerkl\u00e4rung"},"content":{"rendered":"\n<p>Verantwortlich f\u00fcr die Datenverarbeitung auf dieser Webseite ist Herr Daniel Beschorner, siehe <a aria-label=\"Impressum (\u00f6ffnet in neuem Tab)\" href=\"https:\/\/www.deneb-it.de\/index.php\/impressum\/\" target=\"_blank\" rel=\"noreferrer noopener\">Kontakt<\/a>.<\/p>\n\n\n\n<p>F\u00fcr rein technische und statistische Zwecke werden Seiten-Aufrufe (inkl. IP-Adresse, Zeitpunkt des Zugriffs, URL, Referrer, Browserkennung) auf Basis Art. 6 (1)f der DSGVO gespeichert, eine weitere Verarbeitung oder Weitergabe dieser Daten findet nicht statt.<\/p>\n\n\n\n<p>Sonstige personenbezogene Daten (z.B. Cookies, Anmeldungen, Kommentare, Kontakt-Formulare, Newsletter, Werbung\/Tracking, Interaktionen\/Bestellungen, Karten, Fonts) werden nicht erfasst. Social-Media-Anbindungen oder sonstige Weitergabe von Daten an Dritte oder Verarbeitung dieser von Dritten finden auf diesen Seiten ebenfalls nicht statt. Zugriffsanalysedienste werden auch nicht eingesetzt.<\/p>\n\n\n\n<p>Zu Ihrem Schutz und als Stand der Technik werden alle Daten\u00fcbertragungen verschl\u00fcsselt durchgef\u00fchrt.<\/p>\n","protected":false},"excerpt":{"rendered":"<p>Verantwortlich f\u00fcr die Datenverarbeitung auf dieser Webseite ist Herr Daniel Beschorner, siehe Kontakt. F\u00fcr rein technische und statistische Zwecke werden Seiten-Aufrufe (inkl. IP-Adresse, Zeitpunkt des Zugriffs, URL, Referrer, Browserkennung) auf Basis Art. 6 (1)f der DSGVO gespeichert, eine weitere Verarbeitung oder Weitergabe dieser Daten findet nicht statt. Sonstige personenbezogene Daten (z.B. Cookies, Anmeldungen, Kommentare, Kontakt-Formulare, &hellip; <\/p>\n<p class=\"link-more\"><a href=\"https:\/\/www.deneb-it.de\/index.php\/datenschutzerklaerung\/\" class=\"more-link\"><span class=\"screen-reader-text\">\u201eDatenschutzerkl\u00e4rung\u201c <\/span>weiterlesen<\/a><\/p>\n","protected":false},"author":1,"featured_media":0,"parent":0,"menu_order":0,"comment_status":"closed","ping_status":"open","template":"","meta":{"footnotes":""},"class_list":["post-3","page","type-page","status-publish","hentry","entry"],"_links":{"self":[{"href":"https:\/\/www.deneb-it.de\/index.php\/wp-json\/wp\/v2\/pages\/3","targetHints":{"allow":["GET"]}}],"collection":[{"href":"https:\/\/www.deneb-it.de\/index.php\/wp-json\/wp\/v2\/pages"}],"about":[{"href":"https:\/\/www.deneb-it.de\/index.php\/wp-json\/wp\/v2\/types\/page"}],"author":[{"embeddable":true,"href":"https:\/\/www.deneb-it.de\/index.php\/wp-json\/wp\/v2\/users\/1"}],"replies":[{"embeddable":true,"href":"https:\/\/www.deneb-it.de\/index.php\/wp-json\/wp\/v2\/comments?post=3"}],"version-history":[{"count":13,"href":"https:\/\/www.deneb-it.de\/index.php\/wp-json\/wp\/v2\/pages\/3\/revisions"}],"predecessor-version":[{"id":122,"href":"https:\/\/www.deneb-it.de\/index.php\/wp-json\/wp\/v2\/pages\/3\/revisions\/122"}],"wp:attachment":[{"href":"https:\/\/www.deneb-it.de\/index.php\/wp-json\/wp\/v2\/media?parent=3"}],"curies":[{"name":"wp","href":"https:\/\/api.w.org\/{rel}","templated":true}]}}