{"id":29,"date":"2019-03-17T19:09:55","date_gmt":"2019-03-17T18:09:55","guid":{"rendered":"https:\/\/www.deneb-it.de\/?page_id=29"},"modified":"2019-04-06T03:54:28","modified_gmt":"2019-04-06T01:54:28","slug":"kollaboration-digitalisierung","status":"publish","type":"page","link":"https:\/\/www.deneb-it.de\/index.php\/kollaboration-digitalisierung\/","title":{"rendered":"Kollaboration\/Digitalisierung"},"content":{"rendered":"\n<p class=\"has-drop-cap\">Essenbestellungen, Stundenerfassungen, Urlaubsantr\u00e4ge, Projektaufw\u00e4nde, Auslastungsplanungen gleich elektronisch? Weniger Fehler durch gef\u00fchrte Prozesse mit weniger Freiheitsgraden und Checklisten. Interaktion &amp; Teilhabe durch selber-gepflegte Wissensdatenbanken. Personalisierte Portale lassen &#8222;Freund&#8220; Computer endlich menscheln. Zusammenf\u00fchren aller Informationen in einer \u00dcbersicht ohne Duplikate.<\/p>\n\n\n\n<ul class=\"wp-block-list\"><li>(personalisierte) Portale \/ Dashboards<\/li><li>Wikis \/ Wissensdatenbanken<\/li><li>Ticket- \/ ITSM-Systeme (OTRS, \u2026)<\/li><li>dynamische Kartendarstellungen (z.B. per Google Maps oder OSM)<\/li><\/ul>\n\n\n\n<blockquote class=\"wp-block-quote is-style-default is-layout-flow wp-block-quote-is-layout-flow\"><p>Zu viel Papier und trotzdem wenig Durchblick?<\/p><p>Digitalisierung als &#8222;Ent-Papier-isierung&#8220; ist schleichend und stufenlos nutzbringend, auch ohne gro\u00dfe Schlagw\u00f6rter wie 5G, &#8222;Internet der Dinge&#8220; (IoT) oder &#8222;Industrie 4.0&#8243;&#8230;<\/p><\/blockquote>\n","protected":false},"excerpt":{"rendered":"<p>Essenbestellungen, Stundenerfassungen, Urlaubsantr\u00e4ge, Projektaufw\u00e4nde, Auslastungsplanungen gleich elektronisch? Weniger Fehler durch gef\u00fchrte Prozesse mit weniger Freiheitsgraden und Checklisten. Interaktion &amp; Teilhabe durch selber-gepflegte Wissensdatenbanken. Personalisierte Portale lassen &#8222;Freund&#8220; Computer endlich menscheln. Zusammenf\u00fchren aller Informationen in einer \u00dcbersicht ohne Duplikate. (personalisierte) Portale \/ Dashboards Wikis \/ Wissensdatenbanken Ticket- \/ ITSM-Systeme (OTRS, \u2026) dynamische Kartendarstellungen (z.B. per Google &hellip; <\/p>\n<p class=\"link-more\"><a href=\"https:\/\/www.deneb-it.de\/index.php\/kollaboration-digitalisierung\/\" class=\"more-link\"><span class=\"screen-reader-text\">\u201eKollaboration\/Digitalisierung\u201c <\/span>weiterlesen<\/a><\/p>\n","protected":false},"author":1,"featured_media":0,"parent":0,"menu_order":0,"comment_status":"closed","ping_status":"closed","template":"","meta":{"footnotes":""},"class_list":["post-29","page","type-page","status-publish","hentry","entry"],"_links":{"self":[{"href":"https:\/\/www.deneb-it.de\/index.php\/wp-json\/wp\/v2\/pages\/29","targetHints":{"allow":["GET"]}}],"collection":[{"href":"https:\/\/www.deneb-it.de\/index.php\/wp-json\/wp\/v2\/pages"}],"about":[{"href":"https:\/\/www.deneb-it.de\/index.php\/wp-json\/wp\/v2\/types\/page"}],"author":[{"embeddable":true,"href":"https:\/\/www.deneb-it.de\/index.php\/wp-json\/wp\/v2\/users\/1"}],"replies":[{"embeddable":true,"href":"https:\/\/www.deneb-it.de\/index.php\/wp-json\/wp\/v2\/comments?post=29"}],"version-history":[{"count":18,"href":"https:\/\/www.deneb-it.de\/index.php\/wp-json\/wp\/v2\/pages\/29\/revisions"}],"predecessor-version":[{"id":303,"href":"https:\/\/www.deneb-it.de\/index.php\/wp-json\/wp\/v2\/pages\/29\/revisions\/303"}],"wp:attachment":[{"href":"https:\/\/www.deneb-it.de\/index.php\/wp-json\/wp\/v2\/media?parent=29"}],"curies":[{"name":"wp","href":"https:\/\/api.w.org\/{rel}","templated":true}]}}