{"id":28,"date":"2019-03-17T19:09:55","date_gmt":"2019-03-17T18:09:55","guid":{"rendered":"https:\/\/www.deneb-it.de\/?page_id=28"},"modified":"2019-03-26T16:08:27","modified_gmt":"2019-03-26T15:08:27","slug":"beratung-konzepte","status":"publish","type":"page","link":"https:\/\/www.deneb-it.de\/index.php\/beratung-konzepte\/","title":{"rendered":"Beratung\/Konzepte"},"content":{"rendered":"\n<p class=\"has-drop-cap\">Wie mache ich IT? Soll ich sie selber machen oder machen lassen? Wie sieht es bei mir \u00fcberhaupt aus, wie komplex ist meine IT-Landschaft? Was fehlt noch und wo ist Optimierungsbedarf? Was steht als N\u00e4chstes an, wo muss demn\u00e4chst gehandelt werden? Wo klemmt es manchmal? Wo brauche ich es individuell, wo von der Stange? Was betreibe ich selber oder lege es in die omin\u00f6se &#8222;Cloud&#8220;?<br>Oder wollen Sie einfach nur mal &#8217;ne zweite Experten-Meinung h\u00f6ren?<\/p>\n\n\n\n<blockquote class=\"wp-block-quote is-layout-flow wp-block-quote-is-layout-flow\"><p>Schritt f\u00fcr Schritt zum Ziel&#8230;<\/p><\/blockquote>\n","protected":false},"excerpt":{"rendered":"<p>Wie mache ich IT? Soll ich sie selber machen oder machen lassen? Wie sieht es bei mir \u00fcberhaupt aus, wie komplex ist meine IT-Landschaft? Was fehlt noch und wo ist Optimierungsbedarf? Was steht als N\u00e4chstes an, wo muss demn\u00e4chst gehandelt werden? Wo klemmt es manchmal? Wo brauche ich es individuell, wo von der Stange? Was &hellip; <\/p>\n<p class=\"link-more\"><a href=\"https:\/\/www.deneb-it.de\/index.php\/beratung-konzepte\/\" class=\"more-link\"><span class=\"screen-reader-text\">\u201eBeratung\/Konzepte\u201c <\/span>weiterlesen<\/a><\/p>\n","protected":false},"author":1,"featured_media":0,"parent":0,"menu_order":0,"comment_status":"closed","ping_status":"closed","template":"","meta":{"footnotes":""},"class_list":["post-28","page","type-page","status-publish","hentry","entry"],"_links":{"self":[{"href":"https:\/\/www.deneb-it.de\/index.php\/wp-json\/wp\/v2\/pages\/28","targetHints":{"allow":["GET"]}}],"collection":[{"href":"https:\/\/www.deneb-it.de\/index.php\/wp-json\/wp\/v2\/pages"}],"about":[{"href":"https:\/\/www.deneb-it.de\/index.php\/wp-json\/wp\/v2\/types\/page"}],"author":[{"embeddable":true,"href":"https:\/\/www.deneb-it.de\/index.php\/wp-json\/wp\/v2\/users\/1"}],"replies":[{"embeddable":true,"href":"https:\/\/www.deneb-it.de\/index.php\/wp-json\/wp\/v2\/comments?post=28"}],"version-history":[{"count":11,"href":"https:\/\/www.deneb-it.de\/index.php\/wp-json\/wp\/v2\/pages\/28\/revisions"}],"predecessor-version":[{"id":262,"href":"https:\/\/www.deneb-it.de\/index.php\/wp-json\/wp\/v2\/pages\/28\/revisions\/262"}],"wp:attachment":[{"href":"https:\/\/www.deneb-it.de\/index.php\/wp-json\/wp\/v2\/media?parent=28"}],"curies":[{"name":"wp","href":"https:\/\/api.w.org\/{rel}","templated":true}]}}