{"id":25,"date":"2019-03-17T19:09:55","date_gmt":"2019-03-17T18:09:55","guid":{"rendered":"https:\/\/www.deneb-it.de\/?page_id=25"},"modified":"2019-03-26T15:28:17","modified_gmt":"2019-03-26T14:28:17","slug":"datenbanken","status":"publish","type":"page","link":"https:\/\/www.deneb-it.de\/index.php\/datenbanken\/","title":{"rendered":"Datenbanken"},"content":{"rendered":"\n<p class=\"has-drop-cap\">Gr\u00f6\u00dfere Mengen von Daten f\u00fchlen sich wohlstrukturiert in Datenbanken am wohlsten. Hier kann man sie gut suchen, filtern und weiterverarbeiten. Von mir aus dann sogar wieder in Excel.<\/p>\n\n\n\n<ul class=\"wp-block-list\"><li>MySQL<\/li><li>MSSQL<\/li><li>PostgreSQL<\/li><li>&#8230;<\/li><\/ul>\n\n\n\n<blockquote class=\"wp-block-quote is-layout-flow wp-block-quote-is-layout-flow\"><p>Wehret den Excel-Tabellen&#8230;<\/p><p>Alles an einem Ort&#8230;<\/p><\/blockquote>\n","protected":false},"excerpt":{"rendered":"<p>Gr\u00f6\u00dfere Mengen von Daten f\u00fchlen sich wohlstrukturiert in Datenbanken am wohlsten. Hier kann man sie gut suchen, filtern und weiterverarbeiten. Von mir aus dann sogar wieder in Excel. MySQL MSSQL PostgreSQL &#8230; Wehret den Excel-Tabellen&#8230; Alles an einem Ort&#8230;<\/p>\n","protected":false},"author":1,"featured_media":0,"parent":0,"menu_order":0,"comment_status":"closed","ping_status":"closed","template":"","meta":{"footnotes":""},"class_list":["post-25","page","type-page","status-publish","hentry","entry"],"_links":{"self":[{"href":"https:\/\/www.deneb-it.de\/index.php\/wp-json\/wp\/v2\/pages\/25","targetHints":{"allow":["GET"]}}],"collection":[{"href":"https:\/\/www.deneb-it.de\/index.php\/wp-json\/wp\/v2\/pages"}],"about":[{"href":"https:\/\/www.deneb-it.de\/index.php\/wp-json\/wp\/v2\/types\/page"}],"author":[{"embeddable":true,"href":"https:\/\/www.deneb-it.de\/index.php\/wp-json\/wp\/v2\/users\/1"}],"replies":[{"embeddable":true,"href":"https:\/\/www.deneb-it.de\/index.php\/wp-json\/wp\/v2\/comments?post=25"}],"version-history":[{"count":9,"href":"https:\/\/www.deneb-it.de\/index.php\/wp-json\/wp\/v2\/pages\/25\/revisions"}],"predecessor-version":[{"id":255,"href":"https:\/\/www.deneb-it.de\/index.php\/wp-json\/wp\/v2\/pages\/25\/revisions\/255"}],"wp:attachment":[{"href":"https:\/\/www.deneb-it.de\/index.php\/wp-json\/wp\/v2\/media?parent=25"}],"curies":[{"name":"wp","href":"https:\/\/api.w.org\/{rel}","templated":true}]}}