{"id":21,"date":"2019-03-17T19:08:31","date_gmt":"2019-03-17T18:08:31","guid":{"rendered":"https:\/\/www.deneb-it.de\/?page_id=21"},"modified":"2019-03-28T15:33:18","modified_gmt":"2019-03-28T14:33:18","slug":"softwareentwicklung","status":"publish","type":"page","link":"https:\/\/www.deneb-it.de\/index.php\/softwareentwicklung\/","title":{"rendered":"Softwareentwicklung"},"content":{"rendered":"\n<p class=\"has-drop-cap\">Sie hatten schon immer eine Idee, was Ihr Computer oder Ihr Smartphone noch Kleines oder Gro\u00dfes f\u00fcr Sie tun k\u00f6nnte? Im Browser oder klassisch als Programm? Setzen wir es doch um!<\/p>\n\n\n\n<ul class=\"wp-block-list\"><li>.NET \/ C#<\/li><li>PHP<\/li><li>C++<\/li><li>Web-Technologie (HTML\/XML, ASP, AJAX, JS, \u2026)<\/li><li>&#8230;<\/li><\/ul>\n\n\n\n<blockquote class=\"wp-block-quote is-layout-flow wp-block-quote-is-layout-flow\"><p>Auf den Leib geschneidert&#8230;<\/p><p>App? Applikation? Applaus!<\/p><\/blockquote>\n","protected":false},"excerpt":{"rendered":"<p>Sie hatten schon immer eine Idee, was Ihr Computer oder Ihr Smartphone noch Kleines oder Gro\u00dfes f\u00fcr Sie tun k\u00f6nnte? Im Browser oder klassisch als Programm? Setzen wir es doch um! .NET \/ C# PHP C++ Web-Technologie (HTML\/XML, ASP, AJAX, JS, \u2026) &#8230; Auf den Leib geschneidert&#8230; App? Applikation? Applaus!<\/p>\n","protected":false},"author":1,"featured_media":0,"parent":0,"menu_order":0,"comment_status":"closed","ping_status":"closed","template":"","meta":{"footnotes":""},"class_list":["post-21","page","type-page","status-publish","hentry","entry"],"_links":{"self":[{"href":"https:\/\/www.deneb-it.de\/index.php\/wp-json\/wp\/v2\/pages\/21","targetHints":{"allow":["GET"]}}],"collection":[{"href":"https:\/\/www.deneb-it.de\/index.php\/wp-json\/wp\/v2\/pages"}],"about":[{"href":"https:\/\/www.deneb-it.de\/index.php\/wp-json\/wp\/v2\/types\/page"}],"author":[{"embeddable":true,"href":"https:\/\/www.deneb-it.de\/index.php\/wp-json\/wp\/v2\/users\/1"}],"replies":[{"embeddable":true,"href":"https:\/\/www.deneb-it.de\/index.php\/wp-json\/wp\/v2\/comments?post=21"}],"version-history":[{"count":12,"href":"https:\/\/www.deneb-it.de\/index.php\/wp-json\/wp\/v2\/pages\/21\/revisions"}],"predecessor-version":[{"id":297,"href":"https:\/\/www.deneb-it.de\/index.php\/wp-json\/wp\/v2\/pages\/21\/revisions\/297"}],"wp:attachment":[{"href":"https:\/\/www.deneb-it.de\/index.php\/wp-json\/wp\/v2\/media?parent=21"}],"curies":[{"name":"wp","href":"https:\/\/api.w.org\/{rel}","templated":true}]}}